{"id":1397,"date":"2023-05-15T03:15:08","date_gmt":"2023-05-14T20:15:08","guid":{"rendered":"http:\/\/localhost\/thtcenter\/grow-with-children\/"},"modified":"2023-06-02T08:32:32","modified_gmt":"2023-06-02T01:32:32","slug":"grow-with-children","status":"publish","type":"page","link":"https:\/\/tht.edu.vn\/en\/grow-with-children\/","title":{"rendered":"Grow With Children"},"content":{"rendered":"\n\t<section class=\"section\" id=\"section_249893361\">\n\t\t<div class=\"bg section-bg fill bg-fill  \" >\n\n\t\t\t\n\t\t\t<div class=\"section-bg-overlay absolute fill\"><\/div>\n\t\t\t\n\t<div class=\"is-border\"\n\t\tstyle=\"border-color:rgb(235, 235, 235);border-width:1px 0px 0px 0px;\">\n\t<\/div>\n\n\t\t<\/div>\n\n\t\t\n\n\t\t<div class=\"section-content relative\">\n\t\t\t\n\n<div class=\"row row-large align-middle align-center\"  id=\"row-1654617125\">\n\n\n\t<div id=\"col-29681794\" class=\"col medium-10 small-12 large-10\"  >\n\t\t\t\t<div class=\"col-inner text-center dark\"  >\n\t\t\t\n\t\t\t\n\n<\/p>\n<h2>&#8220;Gi\u00e1o d\u1ee5c l\u00e0 v\u0169 kh\u00ed m\u1ea1nh nh\u1ea5t b\u1ea1n c\u00f3 th\u1ec3 d\u00f9ng \u0111\u1ec3 thay \u0111\u1ed5i th\u1ebf gi\u1edbi&#8221;<br \/>\nEducation is the most powerful weapon which you can use to change the world\u201d<\/h2>\n<p>\u2013 Nelson Mandela \u2013<\/p>\n\n\t\t<\/div>\n\t\t\t\t\t<\/div>\n\n\t\n\n<\/div>\n\n\t\t<\/div>\n\n\t\t\n<style>\n#section_249893361 {\n  padding-top: 59px;\n  padding-bottom: 59px;\n  min-height: 300px;\n  background-color: rgb(171, 171, 171);\n}\n#section_249893361 .section-bg-overlay {\n  background-color: rgba(0, 0, 0, 0.64);\n}\n#section_249893361 .section-bg.bg-loaded {\n  background-image: url(https:\/\/tht.edu.vn\/wp-content\/uploads\/2023\/05\/tht-cong-dong-phat-trien-cung-con-1.jpeg);\n}\n#section_249893361 .section-bg {\n  background-position: 0% 44%;\n}\n<\/style>\n\t<\/section>\n\t\n\t<section class=\"section\" id=\"section_1913946346\">\n\t\t<div class=\"bg section-bg fill bg-fill  bg-loaded\" >\n\n\t\t\t\n\t\t\t\n\t\t\t\n\n\t\t<\/div>\n\n\t\t\n\n\t\t<div class=\"section-content relative\">\n\t\t\t\n\n<div class=\"row\"  id=\"row-242995947\">\n\n\n\t<div id=\"col-1753774064\" class=\"col medium-8 small-12 large-8\"  >\n\t\t\t\t<div class=\"col-inner\" style=\"background-color:rgb(174, 224, 249);\" >\n\t\t\t\n\t\t\t\n\n\t<div id=\"text-1127772664\" class=\"text\">\n\t\t\n\n<p> <\/p>\n<p>We are living in the 21st century, an era of civilization and extreme development. We educate our children towards global citizenship and international integration. Unlike previous generations, today, our children &#8211; Generation Z (1995-2012), Alpha (2010-2024) &#8211; have access to smart devices, social networks, high technology, live quickly live virtual life, under a lot of pressure to compete in material things and fame, etc. But besides that, children in this period are very &#8220;fragile&#8221;, lack of patience and energy, necessary motivation from the outside. in. Therefore, children in this period need a different way of education.<\/p>\n<p>Never before has the education of children in Vietnam received as much attention as it does now. Many schools were born, many learning programs, learning models, &#8230; to meet the development needs of children, towards progressive philosophies and more professional and effective management methods.<\/p>\n<p> <\/p>\n\t\t\n<style>\n#text-1127772664 {\n  text-align: center;\n}\n<\/style>\n\t<\/div>\n\t\n\n\t\t<\/div>\n\t\t\t\t\n<style>\n#col-1753774064 > .col-inner {\n  border-radius: 25px;\n}\n<\/style>\n\t<\/div>\n\n\t\n\n\t<div id=\"col-1816219477\" class=\"col medium-4 small-12 large-4\"  >\n\t\t\t\t<div class=\"col-inner\"  >\n\t\t\t\n\t\t\t\n\n\t<div id=\"gap-910603719\" class=\"gap-element clearfix\" style=\"display:block; height:auto;\">\n\t\t\n<style>\n#gap-910603719 {\n  padding-top: 40px;\n}\n<\/style>\n\t<\/div>\n\t\n\n\t<div class=\"img has-hover x md-x lg-x y md-y lg-y\" id=\"image_833330893\">\n\t\t\t\t\t\t\t\t<div class=\"img-inner dark\" >\n\t\t\t<img loading=\"lazy\" decoding=\"async\" width=\"600\" height=\"400\" src=\"https:\/\/tht.edu.vn\/wp-content\/uploads\/2023\/05\/tht-cong-dong-phat-trien-cung-con-02.jpg\" class=\"attachment-original size-original\" alt=\"\" \/>\t\t\t\t\t\t\n\t\t\t\t\t<\/div>\n\t\t\t\t\t\t\t\t\n<style>\n#image_833330893 {\n  width: 100%;\n}\n<\/style>\n\t<\/div>\n\t\n\n\n\t\t<\/div>\n\t\t\t\t\t<\/div>\n\n\t\n\n<\/div>\n\n\t\t<\/div>\n\n\t\t\n<style>\n#section_1913946346 {\n  padding-top: 30px;\n  padding-bottom: 30px;\n}\n<\/style>\n\t<\/section>\n\t\n\t<section class=\"section\" id=\"section_433529319\">\n\t\t<div class=\"bg section-bg fill bg-fill  bg-loaded\" >\n\n\t\t\t\n\t\t\t\n\t\t\t\n\n\t\t<\/div>\n\n\t\t\n\n\t\t<div class=\"section-content relative\">\n\t\t\t\n\n<div class=\"row\"  id=\"row-511351599\">\n\n\n\t<div id=\"col-2005089603\" class=\"col small-12 large-12\"  >\n\t\t\t\t<div class=\"col-inner\"  >\n\t\t\t\n\t\t\t\n\n\t<div id=\"text-1246237045\" class=\"text\">\n\t\t\n\n<h3><span style=\"font-size: 130%;\">Overall, it supports children&#8217;s growth<\/span><\/h3>\n<h3><span style=\"font-size: 130%;\"> success, and happiness in three key areas.<\/span><\/h3>\n\t\t\n<style>\n#text-1246237045 {\n  text-align: center;\n}\n<\/style>\n\t<\/div>\n\t\n\n\t\t<\/div>\n\t\t\t\t\t<\/div>\n\n\t\n\n<\/div>\n<div class=\"row\"  id=\"row-1217476293\">\n\n\n\t<div id=\"col-980583379\" class=\"col medium-4 small-12 large-4\"  >\n\t\t\t\t<div class=\"col-inner\"  >\n\t\t\t\n\t\t\t\n\n\t<div class=\"box has-hover   has-hover box-text-bottom\" >\n\n\t\t<div class=\"box-image\" style=\"width:25.5%;\">\n\t\t\t\t\t\t<div class=\"\" >\n\t\t\t\t<img loading=\"lazy\" decoding=\"async\" width=\"100\" height=\"82\" src=\"https:\/\/tht.edu.vn\/wp-content\/uploads\/2023\/05\/icon-thechat.png\" class=\"attachment- size-\" alt=\"\" \/>\t\t\t\t\t\t\t\t\t\t\t<\/div>\n\t\t\t\t\t<\/div>\n\n\t\t<div class=\"box-text text-center\" >\n\t\t\t<div class=\"box-text-inner\">\n\t\t\t\t\n\n\t<div id=\"text-2718073745\" class=\"text\">\n\t\t\n\n<h3><span style=\"font-size: 120%;\">PHYSICAL STRENGTH<\/span><\/h3>\n<p style=\"text-align: left;\"><span style=\"font-size: 120%;\">Physical education is important for children&#8217;s development. However, without good health, it will be impossible for students to attain their goals, and they won&#8217;t be able to take care of themselves. Exercise is crucial for maintaining excellent health.<\/span><\/p>\n\t\t\n<style>\n#text-2718073745 {\n  text-align: center;\n}\n<\/style>\n\t<\/div>\n\t\n\n\t\t\t<\/div>\n\t\t<\/div>\n\t<\/div>\n\t\n\n\t\t<\/div>\n\t\t\t\t\t<\/div>\n\n\t\n\n\t<div id=\"col-432661149\" class=\"col medium-4 small-12 large-4\"  >\n\t\t\t\t<div class=\"col-inner\"  >\n\t\t\t\n\t\t\t\n\n\t<div class=\"box has-hover   has-hover box-text-bottom\" >\n\n\t\t<div class=\"box-image\" style=\"width:24%;\">\n\t\t\t\t\t\t<div class=\"\" >\n\t\t\t\t<img loading=\"lazy\" decoding=\"async\" width=\"98\" height=\"85\" src=\"https:\/\/tht.edu.vn\/wp-content\/uploads\/2023\/05\/icon-tochat.png\" class=\"attachment- size-\" alt=\"\" \/>\t\t\t\t\t\t\t\t\t\t\t<\/div>\n\t\t\t\t\t<\/div>\n\n\t\t<div class=\"box-text text-center\" >\n\t\t\t<div class=\"box-text-inner\">\n\t\t\t\t\n\n<h3><span style=\"font-size: 120%;\">QUALITY<\/span><\/h3>\n<p style=\"text-align: left;\"><span style=\"font-size: 120%;\">It is what a kid already has inside of them: intellect, skill, or strength. However, beyond what comes naturally, everyone may develop these qualities via education and experience. Children who are ignorant will eventually be able to impart their knowledge to others.<\/span><\/p>\n\n\t\t\t<\/div>\n\t\t<\/div>\n\t<\/div>\n\t\n\n\t\t<\/div>\n\t\t\t\t\t<\/div>\n\n\t\n\n\t<div id=\"col-867963201\" class=\"col medium-4 small-12 large-4\"  >\n\t\t\t\t<div class=\"col-inner\"  >\n\t\t\t\n\t\t\t\n\n\t<div class=\"box has-hover   has-hover box-text-bottom\" >\n\n\t\t<div class=\"box-image\" style=\"width:19.5%;\">\n\t\t\t\t\t\t<div class=\"\" >\n\t\t\t\t<img loading=\"lazy\" decoding=\"async\" width=\"81\" height=\"86\" src=\"https:\/\/tht.edu.vn\/wp-content\/uploads\/2023\/05\/icon-khichat.png\" class=\"attachment- size-\" alt=\"\" \/>\t\t\t\t\t\t\t\t\t\t\t<\/div>\n\t\t\t\t\t<\/div>\n\n\t\t<div class=\"box-text text-center\" >\n\t\t\t<div class=\"box-text-inner\">\n\t\t\t\t\n\n<h3><span style=\"font-size: 120%;\">TEMPER<\/span><\/h3>\n<p style=\"text-align: left;\"><span style=\"font-size: 120%;\">It may also be seen in intellect, mental capacity, good manners, moral character, and human personality, or, to put it another way, a warm heart.<\/span><\/p>\n\n\t\t\t<\/div>\n\t\t<\/div>\n\t<\/div>\n\t\n\n\t\t<\/div>\n\t\t\t\t\t<\/div>\n\n\t\n\n<\/div>\n\n\t\t<\/div>\n\n\t\t\n<style>\n#section_433529319 {\n  padding-top: 30px;\n  padding-bottom: 30px;\n}\n<\/style>\n\t<\/section>\n\t\n\t<section class=\"section\" id=\"section_951634190\">\n\t\t<div class=\"bg section-bg fill bg-fill  \" >\n\n\t\t\t\n\t\t\t<div class=\"section-bg-overlay absolute fill\"><\/div>\n\t\t\t\n\n\t\t<\/div>\n\n\t\t\n\n\t\t<div class=\"section-content relative\">\n\t\t\t\n\n<div class=\"row\"  id=\"row-816963521\">\n\n\n\t<div id=\"col-1880986266\" class=\"col medium-7 small-12 large-7\"  >\n\t\t\t\t<div class=\"col-inner\"  >\n\t\t\t\n\t\t\t\n\n<p><span style=\"font-size: 130%; color: #ffffff;\">Understanding parents&#8217; concerns.<\/span><\/p>\n<p><span style=\"font-size: 130%; color: #ffffff;\">THT International Education Development Center together with parents and teachers established a community of &#8220;DEVELOP WITH YOUR CHILD&#8221; to help children develop comprehensively in terms of: physical, quality &amp; temper.<\/span><\/p>\n<p><span style=\"font-size: 130%; color: #ffffff;\">The community shares content, knowledge, skills, and methods for the following audiences:<\/span><\/p>\n\n\t\t<\/div>\n\t\t\t\t\t<\/div>\n\n\t\n\n\t<div id=\"col-1371185565\" class=\"col medium-1 small-12 large-1\"  >\n\t\t\t\t<div class=\"col-inner\"  >\n\t\t\t\n\t\t\t\n\n\n\t\t<\/div>\n\t\t\t\t\t<\/div>\n\n\t\n\n\t<div id=\"col-1821909526\" class=\"col medium-4 small-12 large-4\"  >\n\t\t\t\t<div class=\"col-inner\"  >\n\t\t\t\n\t\t\t\n\n\t<div id=\"text-568286258\" class=\"text\">\n\t\t\n\n<p><span style=\"color: #ffffff; font-size: 150%;\"><i class=\"icon-heart\"> Preschool Children<\/i><\/span><\/p>\n<p><span style=\"color: #ffffff; font-size: 150%;\"><i class=\"icon-heart\"> First Grade Children, Elementary School<\/i><\/span><\/p>\n<p><span style=\"color: #ffffff; font-size: 150%;\"><i class=\"icon-heart\"> Teenager<\/i><\/span><\/p>\n\t\t\n<style>\n#text-568286258 {\n  line-height: 2.55;\n}\n<\/style>\n\t<\/div>\n\t\n\n\t\t<\/div>\n\t\t\t\t\t<\/div>\n\n\t\n\n<\/div>\n\n\t\t<\/div>\n\n\t\t\n<style>\n#section_951634190 {\n  padding-top: 30px;\n  padding-bottom: 30px;\n}\n#section_951634190 .section-bg-overlay {\n  background-color: rgba(0,0,0,.5);\n}\n#section_951634190 .section-bg.bg-loaded {\n  background-image: url(https:\/\/tht.edu.vn\/wp-content\/uploads\/2023\/05\/truong-mam-non-tht.jpg);\n}\n#section_951634190 .section-bg {\n  background-position: 0% 63%;\n}\n<\/style>\n\t<\/section>\n\t\n\t<section class=\"section\" id=\"section_1076057048\">\n\t\t<div class=\"bg section-bg fill bg-fill  bg-loaded\" >\n\n\t\t\t\n\t\t\t\n\t\t\t\n\n\t\t<\/div>\n\n\t\t\n\n\t\t<div class=\"section-content relative\">\n\t\t\t\n\n<div class=\"row\"  id=\"row-1070723600\">\n\n\n\t<div id=\"col-2048774037\" class=\"col medium-6 small-12 large-6\"  >\n\t\t\t\t<div class=\"col-inner\"  >\n\t\t\t\n\t\t\t\n\n<div class=\"row\"  id=\"row-2142073945\">\n\n\n\t<div id=\"col-1160854637\" class=\"col small-12 large-12\"  >\n\t\t\t\t<div class=\"col-inner text-left\"  >\n\t\t\t\n\t\t\t\n\n<div style=\"padding: 12px; border: outset 2px blue; font-size: 16px; font-weight: 400; color: black; text-align: justify; line-height: 1.5; word-break: break-word;\"><span style=\"font-size: 115%;\">THT seeks to establish a community where we can all exchange current knowledge and information on healthy child education as well as personal tales and experiences related to bringing up kids who will grow holistically. We believe that: \u201cTogether, we can build a healthy, long-lasting neighbourhood for our kids and support the healthy development of our local area as an entirety.\u201d<\/span><\/div>\n\n\t\t<\/div>\n\t\t\t\t\t<\/div>\n\n\t\n\n<\/div>\n\n\t\t<\/div>\n\t\t\t\t\t<\/div>\n\n\t\n\n\t<div id=\"col-1947844898\" class=\"col medium-6 small-12 large-6\"  >\n\t\t\t\t<div class=\"col-inner\"  >\n\t\t\t\n\t\t\t\n\n\t<div id=\"gap-1477658833\" class=\"gap-element clearfix\" style=\"display:block; height:auto;\">\n\t\t\n<style>\n#gap-1477658833 {\n  padding-top: 10px;\n}\n<\/style>\n\t<\/div>\n\t\n\n\t<div class=\"img has-hover x md-x lg-x y md-y lg-y\" id=\"image_1778146684\">\n\t\t\t\t\t\t\t\t<div class=\"img-inner dark\" >\n\t\t\t<img loading=\"lazy\" decoding=\"async\" width=\"280\" height=\"122\" src=\"https:\/\/tht.edu.vn\/wp-content\/uploads\/2023\/05\/THT_Logo-1.png\" class=\"attachment-thumbnail size-thumbnail\" alt=\"\" \/>\t\t\t\t\t\t\n\t\t\t\t\t<\/div>\n\t\t\t\t\t\t\t\t\n<style>\n#image_1778146684 {\n  width: 90%;\n}\n<\/style>\n\t<\/div>\n\t\n\n\n\t\t<\/div>\n\t\t\t\t\t<\/div>\n\n\t\n\n<\/div>\n\n\t\t<\/div>\n\n\t\t\n<style>\n#section_1076057048 {\n  padding-top: 30px;\n  padding-bottom: 30px;\n}\n<\/style>\n\t<\/section>\n\t\n\n","protected":false},"excerpt":{"rendered":"","protected":false},"author":1,"featured_media":0,"parent":0,"menu_order":0,"comment_status":"closed","ping_status":"closed","template":"","meta":{"footnotes":""},"class_list":["post-1397","page","type-page","status-publish","hentry"],"_links":{"self":[{"href":"https:\/\/tht.edu.vn\/en\/wp-json\/wp\/v2\/pages\/1397","targetHints":{"allow":["GET"]}}],"collection":[{"href":"https:\/\/tht.edu.vn\/en\/wp-json\/wp\/v2\/pages"}],"about":[{"href":"https:\/\/tht.edu.vn\/en\/wp-json\/wp\/v2\/types\/page"}],"author":[{"embeddable":true,"href":"https:\/\/tht.edu.vn\/en\/wp-json\/wp\/v2\/users\/1"}],"replies":[{"embeddable":true,"href":"https:\/\/tht.edu.vn\/en\/wp-json\/wp\/v2\/comments?post=1397"}],"version-history":[{"count":2,"href":"https:\/\/tht.edu.vn\/en\/wp-json\/wp\/v2\/pages\/1397\/revisions"}],"predecessor-version":[{"id":1517,"href":"https:\/\/tht.edu.vn\/en\/wp-json\/wp\/v2\/pages\/1397\/revisions\/1517"}],"wp:attachment":[{"href":"https:\/\/tht.edu.vn\/en\/wp-json\/wp\/v2\/media?parent=1397"}],"curies":[{"name":"wp","href":"https:\/\/api.w.org\/{rel}","templated":true}]}}